{"id":385,"date":"2024-05-29T17:18:35","date_gmt":"2024-05-29T15:18:35","guid":{"rendered":"https:\/\/limexly.com\/?page_id=385"},"modified":"2025-09-08T14:36:15","modified_gmt":"2025-09-08T12:36:15","slug":"news","status":"publish","type":"page","link":"https:\/\/limexly.com\/en\/news","title":{"rendered":"News"},"content":{"rendered":"<div data-elementor-type=\"wp-page\" data-elementor-id=\"385\" class=\"elementor elementor-385\" data-elementor-post-type=\"page\">\n\t\t\t\t<div class=\"elementor-element elementor-element-56cd02ca e-flex e-con-boxed e-con e-parent\" data-id=\"56cd02ca\" data-element_type=\"container\" data-e-type=\"container\" data-settings=\"{&quot;background_background&quot;:&quot;classic&quot;}\">\n\t\t\t\t\t<div class=\"e-con-inner\">\n\t\t\t\t<div class=\"elementor-element elementor-element-2a9c3bf5 elementor-widget elementor-widget-heading\" data-id=\"2a9c3bf5\" data-element_type=\"widget\" data-e-type=\"widget\" data-settings=\"{&quot;ekit_we_effect_on&quot;:&quot;none&quot;}\" data-widget_type=\"heading.default\">\n\t\t\t\t<div class=\"elementor-widget-container\">\n\t\t\t\t\t<h1 class=\"elementor-heading-title elementor-size-default\">NEWS<\/h1>\t\t\t\t<\/div>\n\t\t\t\t<\/div>\n\t\t\t\t\t<\/div>\n\t\t\t\t<\/div>\n\t\t<div class=\"elementor-element elementor-element-7f575831 e-flex e-con-boxed e-con e-parent\" data-id=\"7f575831\" data-element_type=\"container\" data-e-type=\"container\" data-settings=\"{&quot;background_background&quot;:&quot;classic&quot;}\">\n\t\t\t\t\t<div class=\"e-con-inner\">\n\t\t\t\t<div class=\"elementor-element elementor-element-5bf68571 elementor-widget elementor-widget-tfposts\" data-id=\"5bf68571\" data-element_type=\"widget\" data-e-type=\"widget\" data-settings=\"{&quot;ekit_we_effect_on&quot;:&quot;none&quot;}\" data-widget_type=\"tfposts.default\">\n\t\t\t\t<div class=\"elementor-widget-container\">\n\t\t\t\t\t\t\t<div id=\"tf-posts-5bf68571\" class=\"tf-posts-5bf68571 tf-posts-wrap column-3 tablet-column-3 mobile-column-1  no-arrow no-bullets grid-styles-default featured-post-top\" data-tabid=\"5bf68571\" data-class_id=\"tf-posts-5bf68571\" data-loop=\"\" data-auto=\"\" data-column=\"\" data-column2=\"\" data-column3=\"\" data-spacer=\"\" data-prev_icon=\"\" data-next_icon=\"\" >\t\t\t\r\n\t\t\t<div class=\"tf-posts  grid\">\r\n\t\t\t\t\t\t\t\t\t\t\r\n\t\t\t\t\t\t\t\t<div class=\"column\">\r\n\t\t\t\t\t<div class=\"entry blog-post\">\r\n\t\t\t\t\t\t\t\t\t\t\t\t\t\t\t\t\t\t\t\t\t\t\t\t\t\t\t<div class=\"featured-post\">\r\n\t\t\t\t\t\t\t\t\t\t\t\t<img decoding=\"async\" src=\"https:\/\/limexly.com\/wp-content\/uploads\/2024\/05\/patrick-tomasso-a1bicKTYqMo-unsplash-min-scaled-1-1024x775-1.webp\" alt=\"image\">\t\t\t\t\t\t\t\t\t\t\t\t\t\t\t\t\t\t\t\t\t\t\t\t<a href=\"https:\/\/limexly.com\/en\/vendere-prodotti-italiani-in-america-opportunita-per-lexport\" class=\"overlay\">\r\n\t\t\t\t\t\t\t\t\t\t\t\t\t<i class=\"\" aria-hidden=\"true\"><\/i>\t\t\t\t\t\t\t\t\t\t\t\t<\/a>\r\n\t\t\t\t\t\t\t\t\t\t\t\t\t\t\t\t\t\t\t\t\t\r\n\t\t\t\t\t\t\t\t\t\t\t<\/div>\r\n\t\t\t\t\t\t\t\t\t\t\t\t\t\t\t\t\t\t\t\t\t\t\r\n\t\t\t\t\t\t\t\t\t\t\t\t\t\t\t\t\t\t\t\t\t\t\t\t\t\t\t\t<div class=\"content\">\r\n\t\t\t\t\t\t\t\t\t\t\r\n\t\t\t\t\t\t\t\t\t\t\t\t\t\t\t\t\t\t\t\t\t<h2 class=\"title\"><a href=\"https:\/\/limexly.com\/en\/vendere-prodotti-italiani-in-america-opportunita-per-lexport\" title=\"Vendere prodotti italiani in America\">Vendere prodotti italiani in America<\/a><\/h2>\r\n\t\t\t\t\t\t\t\t\t\t\r\n\t\t\t\t\t\t\t\t\t\t\r\n\t\t\t\t\t\t\t\t\t\t\r\n\t\t\t\t\t\t\t\t\t\t\t\t\t\t\t\t\t\t\t\t\t<div class=\"content-post\">Vendere prodotti italiani negli Stati Uniti: un'opportunit\u00e0 strategica di esportazione per le aziende italiane Espandersi nei mercati internazionali \u00e8 una strategia di crescita fondamentale per molte aziende italiane e, tra le destinazioni globali, gli Stati Uniti rimangono uno dei mercati pi\u00f9 redditizi e strategici. Vendere prodotti italiani negli Stati Uniti&hellip;<\/div>\r\n\t\t\t\t\t\t\t\t\t\t\t\t\t\t\t\t\t\t\t\t\r\n\t\t\t\t\t\t\t\t\t\t\t\t\t\t\t\t\t\t\t\t\t<div class=\"tf-button-container\">\r\n\t\t\t\t\t\t\t\t\t\t\t\t<a href=\"https:\/\/limexly.com\/en\/vendere-prodotti-italiani-in-america-opportunita-per-lexport\" class=\"tf-button bt_icon_after\">\r\n\t\t\t\t\t\t\t\t\t\t\t\t\tFind out more<i class=\"fas fa-angle-right\" aria-hidden=\"true\"><\/i> \r\n\t\t\t\t\t\t\t\t\t\t\t\t<\/a>\r\n\t\t\t\t\t\t\t\t\t\t\t<\/div>\r\n\t\t\t\t\t\t\t\t\t\t\t\t\t\t\t\t\r\n\t\t\t\t\t\t\t\t\t<\/div>\r\n\t\t\t\t\t\t\t\t\t\t\t\t\t\t\t\t\r\n\t\t\t\t\t<\/div>\r\n\t\t\t\t<\/div>\r\n\t\t\t\t\t\t\t\t<div class=\"column\">\r\n\t\t\t\t\t<div class=\"entry blog-post\">\r\n\t\t\t\t\t\t\t\t\t\t\t\t\t\t\t\t\t\t\t\t\t\t\t\t\t\t\t<div class=\"featured-post\">\r\n\t\t\t\t\t\t\t\t\t\t\t\t<img decoding=\"async\" src=\"https:\/\/limexly.com\/wp-content\/uploads\/2025\/07\/outsourcing-procurement-in-italy-guide-1-1024x683.webp\" alt=\"image\">\t\t\t\t\t\t\t\t\t\t\t\t\t\t\t\t\t\t\t\t\t\t\t\t<a href=\"https:\/\/limexly.com\/en\/outsourcing-procurement-in-italia\" class=\"overlay\">\r\n\t\t\t\t\t\t\t\t\t\t\t\t\t<i class=\"\" aria-hidden=\"true\"><\/i>\t\t\t\t\t\t\t\t\t\t\t\t<\/a>\r\n\t\t\t\t\t\t\t\t\t\t\t\t\t\t\t\t\t\t\t\t\t\r\n\t\t\t\t\t\t\t\t\t\t\t<\/div>\r\n\t\t\t\t\t\t\t\t\t\t\t\t\t\t\t\t\t\t\t\t\t\t\r\n\t\t\t\t\t\t\t\t\t\t\t\t\t\t\t\t\t\t\t\t\t\t\t\t\t\t\t\t<div class=\"content\">\r\n\t\t\t\t\t\t\t\t\t\t\r\n\t\t\t\t\t\t\t\t\t\t\t\t\t\t\t\t\t\t\t\t\t<h2 class=\"title\"><a href=\"https:\/\/limexly.com\/en\/outsourcing-procurement-in-italia\" title=\"Why Outsourcing Procurement in Italy Can Transform Your Business Operations\">Why Outsourcing Procurement in Italy Can Transform Your Business Operations<\/a><\/h2>\r\n\t\t\t\t\t\t\t\t\t\t\r\n\t\t\t\t\t\t\t\t\t\t\r\n\t\t\t\t\t\t\t\t\t\t\r\n\t\t\t\t\t\t\t\t\t\t\t\t\t\t\t\t\t\t\t\t\t<div class=\"content-post\">Nel mercato globale di oggi, le aziende sono costantemente alla ricerca di modi pi\u00f9 intelligenti, snelli ed economici per operare. Una strategia sempre pi\u00f9 adottata dalle imprese pi\u00f9 lungimiranti \u00e8 l\u2019outsourcing del procurement in Italia. Dalla semplificazione della gestione dei fornitori alla riduzione dei costi operativi, l\u2019outsourcing del procurement offre&hellip;<\/div>\r\n\t\t\t\t\t\t\t\t\t\t\t\t\t\t\t\t\t\t\t\t\r\n\t\t\t\t\t\t\t\t\t\t\t\t\t\t\t\t\t\t\t\t\t<div class=\"tf-button-container\">\r\n\t\t\t\t\t\t\t\t\t\t\t\t<a href=\"https:\/\/limexly.com\/en\/outsourcing-procurement-in-italia\" class=\"tf-button bt_icon_after\">\r\n\t\t\t\t\t\t\t\t\t\t\t\t\tFind out more<i class=\"fas fa-angle-right\" aria-hidden=\"true\"><\/i> \r\n\t\t\t\t\t\t\t\t\t\t\t\t<\/a>\r\n\t\t\t\t\t\t\t\t\t\t\t<\/div>\r\n\t\t\t\t\t\t\t\t\t\t\t\t\t\t\t\t\r\n\t\t\t\t\t\t\t\t\t<\/div>\r\n\t\t\t\t\t\t\t\t\t\t\t\t\t\t\t\t\r\n\t\t\t\t\t<\/div>\r\n\t\t\t\t<\/div>\r\n\t\t\t\t\t\t\t\t<div class=\"column\">\r\n\t\t\t\t\t<div class=\"entry blog-post\">\r\n\t\t\t\t\t\t\t\t\t\t\t\t\t\t\t\t\t\t\t\t\t\t\t\t\t\t\t<div class=\"featured-post\">\r\n\t\t\t\t\t\t\t\t\t\t\t\t<img decoding=\"async\" src=\"https:\/\/limexly.com\/wp-content\/uploads\/2025\/07\/export-manager-in-outsourcing-limexly-italy-1024x684.webp\" alt=\"image\">\t\t\t\t\t\t\t\t\t\t\t\t\t\t\t\t\t\t\t\t\t\t\t\t<a href=\"https:\/\/limexly.com\/en\/export-manager-in-outsourcing-soluzione-strategica\" class=\"overlay\">\r\n\t\t\t\t\t\t\t\t\t\t\t\t\t<i class=\"\" aria-hidden=\"true\"><\/i>\t\t\t\t\t\t\t\t\t\t\t\t<\/a>\r\n\t\t\t\t\t\t\t\t\t\t\t\t\t\t\t\t\t\t\t\t\t\r\n\t\t\t\t\t\t\t\t\t\t\t<\/div>\r\n\t\t\t\t\t\t\t\t\t\t\t\t\t\t\t\t\t\t\t\t\t\t\r\n\t\t\t\t\t\t\t\t\t\t\t\t\t\t\t\t\t\t\t\t\t\t\t\t\t\t\t\t<div class=\"content\">\r\n\t\t\t\t\t\t\t\t\t\t\r\n\t\t\t\t\t\t\t\t\t\t\t\t\t\t\t\t\t\t\t\t\t<h2 class=\"title\"><a href=\"https:\/\/limexly.com\/en\/export-manager-in-outsourcing-soluzione-strategica\" title=\"Export Manager in Outsourcing: The Strategic Solution for Growing in Foreign Markets\">Export Manager in Outsourcing: The Strategic Solution for Growing in Foreign Markets<\/a><\/h2>\r\n\t\t\t\t\t\t\t\t\t\t\r\n\t\t\t\t\t\t\t\t\t\t\r\n\t\t\t\t\t\t\t\t\t\t\r\n\t\t\t\t\t\t\t\t\t\t\t\t\t\t\t\t\t\t\t\t\t<div class=\"content-post\">Introduzione: L\u2019Esigenza di un Export Manager in Outsourcing In un mercato globale sempre pi\u00f9 competitivo, le aziende italiane e internazionali sono costantemente alla ricerca di soluzioni intelligenti per espandere la propria presenza all\u2019estero. Export Manager in outsourcing \u00e8 diventato un termine chiave nel mondo del commercio internazionale, poich\u00e9 offre una&hellip;<\/div>\r\n\t\t\t\t\t\t\t\t\t\t\t\t\t\t\t\t\t\t\t\t\r\n\t\t\t\t\t\t\t\t\t\t\t\t\t\t\t\t\t\t\t\t\t<div class=\"tf-button-container\">\r\n\t\t\t\t\t\t\t\t\t\t\t\t<a href=\"https:\/\/limexly.com\/en\/export-manager-in-outsourcing-soluzione-strategica\" class=\"tf-button bt_icon_after\">\r\n\t\t\t\t\t\t\t\t\t\t\t\t\tFind out more<i class=\"fas fa-angle-right\" aria-hidden=\"true\"><\/i> \r\n\t\t\t\t\t\t\t\t\t\t\t\t<\/a>\r\n\t\t\t\t\t\t\t\t\t\t\t<\/div>\r\n\t\t\t\t\t\t\t\t\t\t\t\t\t\t\t\t\r\n\t\t\t\t\t\t\t\t\t<\/div>\r\n\t\t\t\t\t\t\t\t\t\t\t\t\t\t\t\t\r\n\t\t\t\t\t<\/div>\r\n\t\t\t\t<\/div>\r\n\t\t\t\t\t\t\t\t<div class=\"column\">\r\n\t\t\t\t\t<div class=\"entry blog-post\">\r\n\t\t\t\t\t\t\t\t\t\t\t\t\t\t\t\t\t\t\t\t\t\t\t\t\t\t\t<div class=\"featured-post\">\r\n\t\t\t\t\t\t\t\t\t\t\t\t<img decoding=\"async\" src=\"https:\/\/limexly.com\/wp-content\/uploads\/2025\/08\/procurement-manager-in-outsourcing-italia-1024x684.webp\" alt=\"image\">\t\t\t\t\t\t\t\t\t\t\t\t\t\t\t\t\t\t\t\t\t\t\t\t<a href=\"https:\/\/limexly.com\/en\/procurement-manager-in-outsourcing-italia-guida\" class=\"overlay\">\r\n\t\t\t\t\t\t\t\t\t\t\t\t\t<i class=\"\" aria-hidden=\"true\"><\/i>\t\t\t\t\t\t\t\t\t\t\t\t<\/a>\r\n\t\t\t\t\t\t\t\t\t\t\t\t\t\t\t\t\t\t\t\t\t\r\n\t\t\t\t\t\t\t\t\t\t\t<\/div>\r\n\t\t\t\t\t\t\t\t\t\t\t\t\t\t\t\t\t\t\t\t\t\t\r\n\t\t\t\t\t\t\t\t\t\t\t\t\t\t\t\t\t\t\t\t\t\t\t\t\t\t\t\t<div class=\"content\">\r\n\t\t\t\t\t\t\t\t\t\t\r\n\t\t\t\t\t\t\t\t\t\t\t\t\t\t\t\t\t\t\t\t\t<h2 class=\"title\"><a href=\"https:\/\/limexly.com\/en\/procurement-manager-in-outsourcing-italia-guida\" title=\"Procurement Manager in Outsourcing: The Strategic Solution for Modern Businesses\">Procurement Manager in Outsourcing: The Strategic Solution for Modern Businesses<\/a><\/h2>\r\n\t\t\t\t\t\t\t\t\t\t\r\n\t\t\t\t\t\t\t\t\t\t\r\n\t\t\t\t\t\t\t\t\t\t\r\n\t\t\t\t\t\t\t\t\t\t\t\t\t\t\t\t\t\t\t\t\t<div class=\"content-post\">Introduzione: L\u2019Evoluzione del ProcurementIn un mercato globale in costante cambiamento, la gestione degli acquisti e degli approvvigionamenti \u00e8 diventata un pilastro fondamentale per il successo delle imprese. La figura del Procurement Manager in Outsourcing sta guadagnando sempre pi\u00f9 rilevanza, poich\u00e9 rappresenta un\u2019alternativa agile e conveniente all\u2019assunzione interna di un responsabile&hellip;<\/div>\r\n\t\t\t\t\t\t\t\t\t\t\t\t\t\t\t\t\t\t\t\t\r\n\t\t\t\t\t\t\t\t\t\t\t\t\t\t\t\t\t\t\t\t\t<div class=\"tf-button-container\">\r\n\t\t\t\t\t\t\t\t\t\t\t\t<a href=\"https:\/\/limexly.com\/en\/procurement-manager-in-outsourcing-italia-guida\" class=\"tf-button bt_icon_after\">\r\n\t\t\t\t\t\t\t\t\t\t\t\t\tFind out more<i class=\"fas fa-angle-right\" aria-hidden=\"true\"><\/i> \r\n\t\t\t\t\t\t\t\t\t\t\t\t<\/a>\r\n\t\t\t\t\t\t\t\t\t\t\t<\/div>\r\n\t\t\t\t\t\t\t\t\t\t\t\t\t\t\t\t\r\n\t\t\t\t\t\t\t\t\t<\/div>\r\n\t\t\t\t\t\t\t\t\t\t\t\t\t\t\t\t\r\n\t\t\t\t\t<\/div>\r\n\t\t\t\t<\/div>\r\n\t\t\t\t\t\t\t\t\t\t\t<\/div>\r\n\t\t\t\t\r\n\t\t\t\t\t<\/div>\r\n\r\n\t\t\t\t\t\t<\/div>\n\t\t\t\t<\/div>\n\t\t\t\t\t<\/div>\n\t\t\t\t<\/div>\n\t\t\t\t<\/div>","protected":false},"excerpt":{"rendered":"<p>NEWS Vendere prodotti italiani in America Vendere prodotti italiani negli Stati Uniti: un&#8217;opportunit\u00e0 strategica di esportazione per le aziende italiane Espandersi nei mercati internazionali \u00e8 una strategia di crescita fondamentale per molte aziende italiane e, tra le destinazioni globali, gli Stati Uniti rimangono uno dei mercati pi\u00f9 redditizi e strategici. Vendere prodotti italiani negli Stati [&hellip;]<\/p>\n","protected":false},"author":3,"featured_media":0,"parent":0,"menu_order":0,"comment_status":"closed","ping_status":"closed","template":"","meta":{"_joinchat":[],"footnotes":""},"class_list":["post-385","page","type-page","status-publish","hentry"],"_links":{"self":[{"href":"https:\/\/limexly.com\/en\/wp-json\/wp\/v2\/pages\/385","targetHints":{"allow":["GET"]}}],"collection":[{"href":"https:\/\/limexly.com\/en\/wp-json\/wp\/v2\/pages"}],"about":[{"href":"https:\/\/limexly.com\/en\/wp-json\/wp\/v2\/types\/page"}],"author":[{"embeddable":true,"href":"https:\/\/limexly.com\/en\/wp-json\/wp\/v2\/users\/3"}],"replies":[{"embeddable":true,"href":"https:\/\/limexly.com\/en\/wp-json\/wp\/v2\/comments?post=385"}],"version-history":[{"count":0,"href":"https:\/\/limexly.com\/en\/wp-json\/wp\/v2\/pages\/385\/revisions"}],"wp:attachment":[{"href":"https:\/\/limexly.com\/en\/wp-json\/wp\/v2\/media?parent=385"}],"curies":[{"name":"wp","href":"https:\/\/api.w.org\/{rel}","templated":true}]}}